{"id":14,"date":"2015-04-29T14:52:25","date_gmt":"2015-04-29T18:52:25","guid":{"rendered":"http:\/\/www.sagebrushquiltersguild.ca\/?page_id=14"},"modified":"2015-12-17T17:31:29","modified_gmt":"2015-12-17T22:31:29","slug":"showcase","status":"publish","type":"page","link":"http:\/\/www.sagebrushquiltersguild.ca\/?page_id=14","title":{"rendered":"Showcase"},"content":{"rendered":"<p>The Sagebrush Quilters Guild bestowed an honourary membership to long time member Jeri B.\u00a0 Over the years, Jeri has been involved in the executive of the Guild, program committee and has participated whole heartedly in the Community Quilts projects, in particular the fire quilts of 2003 and quilts for cancer patients.\u00a0 Jeri always has a quilt to share with us. She is generous with her time, quilting skills and encouragement.\u00a0 In fact, she is passionate about quilting. She can take a piece of fabric that others reject however small and turn it into something lovely. She requested homework for the summer and specifically said to give her the challenging stuff to work with. She was confident she could make it work.<\/p>\n<p>Jeri is not only a member of our Guild but also the River Valley Guild and the Hospital Auxiliary. I know that she gives generously to those organizations as well as to ours.<\/p>\n<p>We thank you Jeri from the Guild, and the agencies we support in the Kamloops community. Your honourary membership is well deserved. A standing ovation to you.<\/p>\n<p>Submitted by Olga N.<\/p>\n<p align=\"center\"><img data-recalc-dims=\"1\" loading=\"lazy\" decoding=\"async\" src=\"https:\/\/i0.wp.com\/web.archive.org\/web\/20150222112636\/http%3A\/\/sagebrushquilters.ca\/JerisHonouraryMembership.jpg?resize=511%2C383&#038;ssl=1\" alt=\"JerisHonouraryMembership.jpg (54284 bytes)\" width=\"511\" height=\"383\" \/><\/p>\n<p align=\"center\"><em><small>Last Updated 10 Sep 2009 WS<\/small><\/em><\/p>\n<p style=\"text-align: left;\" align=\"center\">For more information, contact us at <a href=\"mailto:info@sagebrushquiltersguild.ca\">info@sagebrushquiltersguild.ca.<\/a><\/p>\n","protected":false},"excerpt":{"rendered":"<p>The Sagebrush Quilters Guild bestowed an honourary membership to long time member Jeri B.\u00a0 Over the years, Jeri has been involved in the executive of the Guild, program committee and [&hellip;]<\/p>\n","protected":false},"author":1,"featured_media":0,"parent":0,"menu_order":0,"comment_status":"closed","ping_status":"closed","template":"","meta":{"footnotes":""},"class_list":["post-14","page","type-page","status-publish","hentry"],"jetpack_sharing_enabled":true,"jetpack_shortlink":"https:\/\/wp.me\/PaoHw3-e","jetpack-related-posts":[{"id":24,"url":"http:\/\/www.sagebrushquiltersguild.ca\/","url_meta":{"origin":14,"position":0},"title":"Welcome !!!","author":"Quilter","date":"April 29, 2015","format":false,"excerpt":"President's Welcome Welcome, the Sagebrush Quilters\u2019 Guild in Kamloops, British Columbia acknowledges that we meet on the\u00a0 Tk'eml\u00faps te Secw\u00e9pemc territory, situated within the unceded ancestral lands of the Secw\u00e9pemc Nation. We honor and respect the people, the territory, and the land that houses our community. This year we are\u2026","rel":"","context":"Similar post","block_context":{"text":"Similar post","link":""},"img":{"alt_text":"","src":"","width":0,"height":0},"classes":[]},{"id":18,"url":"http:\/\/www.sagebrushquiltersguild.ca\/?page_id=18","url_meta":{"origin":14,"position":1},"title":"Resources","author":"Quilter","date":"April 29, 2015","format":false,"excerpt":"Library Check to see what we have in the Guild library: We are members of the Canadian Quilters Association and the\u00a0American Quilters' Society Comfort Quilts Any members wishing to make blocks for the families of our fallen soldiers can pick up the patterns at www.picketfencefabrics.com.\u00a0\u00a0 Quilts of Valour Canada is\u2026","rel":"","context":"Similar post","block_context":{"text":"Similar post","link":""},"img":{"alt_text":"","src":"","width":0,"height":0},"classes":[]},{"id":2067,"url":"http:\/\/www.sagebrushquiltersguild.ca\/?page_id=2067","url_meta":{"origin":14,"position":2},"title":"Guild Retreats","author":"Quilter","date":"September 10, 2019","format":false,"excerpt":"Twice a year our guild hosts a quilt retreat in Sorrento, about an hour from Kamloops. They are great fun with your friends and lots of quilting time! Fall Retreat is Nov 1 - 5,\u00a0 2023 Link to Registration Form - Fall 2023 (1)","rel":"","context":"Similar post","block_context":{"text":"Similar post","link":""},"img":{"alt_text":"","src":"","width":0,"height":0},"classes":[]},{"id":2553,"url":"http:\/\/www.sagebrushquiltersguild.ca\/?page_id=2553","url_meta":{"origin":14,"position":3},"title":"Show &#038; Tell Presentations","author":"Quilter","date":"February 22, 2020","format":false,"excerpt":"See what quilts our various members have created and generously shared for your viewing! Sagebrush Quilters Guild Show-n-Tell Link to Show-n-tell May 27 Link to 40th Anniversary Challenge Quilts Link to Show-n-tell April 22 Link to Show-n-tell March 25 Link to Show-n-tell March 11 Link to Show-n-tell January 22 Sagebrush\u2026","rel":"","context":"Similar post","block_context":{"text":"Similar post","link":""},"img":{"alt_text":"","src":"","width":0,"height":0},"classes":[]},{"id":2034,"url":"http:\/\/www.sagebrushquiltersguild.ca\/?page_id=2034","url_meta":{"origin":14,"position":4},"title":"Sagebrush Sorrento Retreat, Spring 2019","author":"Quilter","date":"September 10, 2019","format":false,"excerpt":"Twice a year our guild hosts a quilt retreat in Sorrento, about an hour from Kamloops. They are great fun with your friends and lots of quilting time!","rel":"","context":"Similar post","block_context":{"text":"Similar post","link":""},"img":{"alt_text":"","src":"https:\/\/i0.wp.com\/www.sagebrushquiltersguild.ca\/wp-content\/uploads\/2019\/09\/IMG_3297-e1568149259382.jpg?resize=350%2C200","width":350,"height":200},"classes":[]},{"id":1613,"url":"http:\/\/www.sagebrushquiltersguild.ca\/?page_id=1613","url_meta":{"origin":14,"position":5},"title":"Sagebrush Sorrento Retreat, Fall 2018","author":"Quilter","date":"November 6, 2018","format":false,"excerpt":"Every year at Sagebrush Quilters' Guild, we have 2 retreats, one in the spring in March and one in the fall in November. We have great fun, quilting and enjoying our friends each time. Photos by Sandy M. For more info, come to a meeting.","rel":"","context":"Similar post","block_context":{"text":"Similar post","link":""},"img":{"alt_text":"","src":"https:\/\/i0.wp.com\/www.sagebrushquiltersguild.ca\/wp-content\/uploads\/2018\/11\/IMG_1009.jpg?resize=350%2C200","width":350,"height":200,"srcset":"https:\/\/i0.wp.com\/www.sagebrushquiltersguild.ca\/wp-content\/uploads\/2018\/11\/IMG_1009.jpg?resize=350%2C200 1x, https:\/\/i0.wp.com\/www.sagebrushquiltersguild.ca\/wp-content\/uploads\/2018\/11\/IMG_1009.jpg?resize=525%2C300 1.5x, https:\/\/i0.wp.com\/www.sagebrushquiltersguild.ca\/wp-content\/uploads\/2018\/11\/IMG_1009.jpg?resize=700%2C400 2x, https:\/\/i0.wp.com\/www.sagebrushquiltersguild.ca\/wp-content\/uploads\/2018\/11\/IMG_1009.jpg?resize=1050%2C600 3x, https:\/\/i0.wp.com\/www.sagebrushquiltersguild.ca\/wp-content\/uploads\/2018\/11\/IMG_1009.jpg?resize=1400%2C800 4x"},"classes":[]}],"_links":{"self":[{"href":"http:\/\/www.sagebrushquiltersguild.ca\/index.php?rest_route=\/wp\/v2\/pages\/14","targetHints":{"allow":["GET"]}}],"collection":[{"href":"http:\/\/www.sagebrushquiltersguild.ca\/index.php?rest_route=\/wp\/v2\/pages"}],"about":[{"href":"http:\/\/www.sagebrushquiltersguild.ca\/index.php?rest_route=\/wp\/v2\/types\/page"}],"author":[{"embeddable":true,"href":"http:\/\/www.sagebrushquiltersguild.ca\/index.php?rest_route=\/wp\/v2\/users\/1"}],"replies":[{"embeddable":true,"href":"http:\/\/www.sagebrushquiltersguild.ca\/index.php?rest_route=%2Fwp%2Fv2%2Fcomments&post=14"}],"version-history":[{"count":5,"href":"http:\/\/www.sagebrushquiltersguild.ca\/index.php?rest_route=\/wp\/v2\/pages\/14\/revisions"}],"predecessor-version":[{"id":315,"href":"http:\/\/www.sagebrushquiltersguild.ca\/index.php?rest_route=\/wp\/v2\/pages\/14\/revisions\/315"}],"wp:attachment":[{"href":"http:\/\/www.sagebrushquiltersguild.ca\/index.php?rest_route=%2Fwp%2Fv2%2Fmedia&parent=14"}],"curies":[{"name":"wp","href":"https:\/\/api.w.org\/{rel}","templated":true}]}}